{"id":471,"date":"2020-04-10T10:05:38","date_gmt":"2020-04-10T07:05:38","guid":{"rendered":"http:\/\/demo.vegatheme.com\/gocargo\/demo3\/?page_id=471"},"modified":"2023-09-20T17:48:00","modified_gmt":"2023-09-20T14:48:00","slug":"contact","status":"publish","type":"page","link":"https:\/\/tglworld.com\/pl\/contact\/","title":{"rendered":"Kontakty"},"content":{"rendered":"<p>[vc_row css=&#8221;.vc_custom_1465377848276{padding-bottom: 0px !important;}&#8221;][vc_column width=&#8221;1\/6&#8243;][vc_column_text css=&#8221;.vc_custom_1695220334168{margin-bottom: 0px !important;}&#8221; el_class=&#8221;location&#8221;]<\/p>\n<h3>Warszawa, Polska<\/h3>\n<div id=\"gtx-trans\" style=\"position: absolute; left: 20px; top: -5.78125px;\">\n<div class=\"gtx-trans-icon\"><\/div>\n<\/div>\n<p>[\/vc_column_text][\/vc_column][vc_column width=&#8221;1\/3&#8243;][vc_column_text css=&#8221;.vc_custom_1695220585202{margin-bottom: 0px !important;}&#8221;]<\/p>\n<h5>Adres<\/h5>\n<p>TGL POLSKA Sp.zoo<br \/>\nJana Dantyszka 18<br \/>\n02-054 Warszawa<\/p>\n<p>&nbsp;<\/p>\n<div id=\"gtx-trans\" style=\"position: absolute; left: 144px; top: 110.266px;\">\n<div class=\"gtx-trans-icon\"><\/div>\n<\/div>\n<p>[\/vc_column_text][\/vc_column][vc_column width=&#8221;1\/6&#8243;][vc_column_text css=&#8221;.vc_custom_1695220473954{margin-bottom: 0px !important;}&#8221;]<\/p>\n<h5>Telefon<\/h5>\n<p><a href=\"tel:+48578290155\">+48 578 290 155<\/a>[\/vc_column_text][\/vc_column][vc_column width=&#8221;1\/6&#8243;][vc_column_text css=&#8221;.vc_custom_1695220503480{margin-bottom: 0px !important;}&#8221;]<\/p>\n<h5>E-mail<\/h5>\n<p><a href=\"mailto:tgl@tglworld.com\">tgl@tglworld.com<\/a>[\/vc_column_text][\/vc_column][\/vc_row][vc_row bg_parallax_section=&#8221;yes&#8221; parallax_image_section=&#8221;399&#8243;][vc_column offset=&#8221;vc_col-md-4&#8243;]\t<div class=\"vc_custom_1695133123639 commitment-wrapper \"  >\n        <div class=\"inner-padding\">\n            <h2 class=\"id-color\">Pojawily si\u0119 pytania?<\/h2>\n            <div class=\"tiny-border\"><\/div>\n<p class=\"lead big\">Napisz do nas, a my skontaktujemy si\u0119 z tob\u0105 natychmiastowo.<\/p>\n<p>        <\/div>\n    <\/div>\n\n[\/vc_column][vc_column offset=&#8221;vc_col-md-8&#8243;]\n<div class=\"wpcf7 no-js\" id=\"wpcf7-f224-o1\" lang=\"en-US\" dir=\"ltr\">\n<div class=\"screen-reader-response\"><p role=\"status\" aria-live=\"polite\" aria-atomic=\"true\"><\/p> <ul><\/ul><\/div>\n<form action=\"\/pl\/wp-json\/wp\/v2\/pages\/471#wpcf7-f224-o1\" method=\"post\" class=\"wpcf7-form init\" aria-label=\"Contact form\" novalidate=\"novalidate\" data-status=\"init\">\n<div style=\"display: none;\">\n<input type=\"hidden\" name=\"_wpcf7\" value=\"224\" \/>\n<input type=\"hidden\" name=\"_wpcf7_version\" value=\"5.8.6\" \/>\n<input type=\"hidden\" name=\"_wpcf7_locale\" value=\"en_US\" \/>\n<input type=\"hidden\" name=\"_wpcf7_unit_tag\" value=\"wpcf7-f224-o1\" \/>\n<input type=\"hidden\" name=\"_wpcf7_container_post\" value=\"0\" \/>\n<input type=\"hidden\" name=\"_wpcf7_posted_data_hash\" value=\"\" \/>\n<input type=\"hidden\" name=\"_wpcf7_recaptcha_response\" value=\"\" \/>\n<\/div>\n<div class=\"form-transparent\">\n\t<div class=\"input-wrapper col-sm-6\">\n\t\t<p><span class=\"wpcf7-form-control-wrap\" data-name=\"your-name\"><input size=\"40\" class=\"wpcf7-form-control wpcf7-text wpcf7-validates-as-required form-control\" aria-required=\"true\" aria-invalid=\"false\" placeholder=\"Imi\u0119*\" value=\"\" type=\"text\" name=\"your-name\" \/><\/span>\n\t\t<\/p>\n\t<\/div>\n\t<div class=\"input-wrapper col-sm-6\">\n\t\t<p><span class=\"wpcf7-form-control-wrap\" data-name=\"last-name\"><input size=\"40\" class=\"wpcf7-form-control wpcf7-text wpcf7-validates-as-required form-control\" aria-required=\"true\" aria-invalid=\"false\" placeholder=\"Nazwisko*\" value=\"\" type=\"text\" name=\"last-name\" \/><\/span>\n\t\t<\/p>\n\t<\/div>\n\t<div class=\"input-wrapper col-sm-6\">\n\t\t<p><span class=\"wpcf7-form-control-wrap\" data-name=\"your-email\"><input size=\"40\" class=\"wpcf7-form-control wpcf7-email wpcf7-validates-as-required wpcf7-text wpcf7-validates-as-email form-control\" aria-required=\"true\" aria-invalid=\"false\" placeholder=\"Adres email*\" value=\"\" type=\"email\" name=\"your-email\" \/><\/span>\n\t\t<\/p>\n\t<\/div>\n\t<div class=\"input-wrapper col-sm-6\">\n\t\t<p><span class=\"wpcf7-form-control-wrap\" data-name=\"your-phone\"><input size=\"40\" class=\"wpcf7-form-control wpcf7-tel wpcf7-validates-as-required wpcf7-text wpcf7-validates-as-tel form-control\" aria-required=\"true\" aria-invalid=\"false\" placeholder=\"Numer telefonu*\" value=\"\" type=\"tel\" name=\"your-phone\" \/><\/span>\n\t\t<\/p>\n\t<\/div>\n\t<div class=\"input-wrapper col-sm-12\">\n\t\t<p><span class=\"wpcf7-form-control-wrap\" data-name=\"your-company\"><input size=\"40\" class=\"wpcf7-form-control wpcf7-text wpcf7-validates-as-required form-control\" aria-required=\"true\" aria-invalid=\"false\" placeholder=\"Nazwa firmy*\" value=\"\" type=\"text\" name=\"your-company\" \/><\/span>\n\t\t<\/p>\n\t<\/div>\n\t<div class=\"input-wrapper col-sm-12\">\n\t\t<p><span class=\"wpcf7-form-control-wrap\" data-name=\"your-message\"><textarea cols=\"40\" rows=\"5\" class=\"wpcf7-form-control wpcf7-textarea form-control\" aria-invalid=\"false\" placeholder=\"Wpisz swoj\u0105 wiadomo\u015b\u0107\" name=\"your-message\"><\/textarea><\/span>\n\t\t<\/p>\n\t<\/div>\n\t<div class=\"submit-wrapper col-sm-12\">\n\t\t<p><input class=\"wpcf7-form-control wpcf7-submit has-spinner btn btn-custom btn-contact\" id=\"btnsubmit\" type=\"submit\" value=\"Wy\u015blij\" \/>\n\t\t<\/p>\n\t<\/div>\n<\/div><div class=\"wpcf7-response-output\" aria-hidden=\"true\"><\/div>\n<\/form>\n<\/div>\n[\/vc_column][\/vc_row]<\/p>\n","protected":false},"excerpt":{"rendered":"<p>[vc_row css=&#8221;.vc_custom_1465377848276{padding-bottom: 0px !important;}&#8221;][vc_column width=&#8221;1\/6&#8243;][vc_column_text css=&#8221;.vc_custom_1695220334168{margin-bottom: 0px !important;}&#8221; el_class=&#8221;location&#8221;] Warszawa, Polska [\/vc_column_text][\/vc_column][vc_column width=&#8221;1\/3&#8243;][vc_column_text css=&#8221;.vc_custom_1695220585202{margin-bottom: 0px !important;}&#8221;] Adres TGL POLSKA Sp.zoo Jana Dantyszka 18 02-054 Warszawa &nbsp; [\/vc_column_text][\/vc_column][vc_column width=&#8221;1\/6&#8243;][vc_column_text css=&#8221;.vc_custom_1695220473954{margin-bottom: 0px !important;}&#8221;] Telefon +48 578 290 155[\/vc_column_text][\/vc_column][vc_column width=&#8221;1\/6&#8243;][vc_column_text css=&#8221;.vc_custom_1695220503480{margin-bottom: 0px !important;}&#8221;] E-mail tgl@tglworld.com[\/vc_column_text][\/vc_column][\/vc_row][vc_row bg_parallax_section=&#8221;yes&#8221; parallax_image_section=&#8221;399&#8243;][vc_column offset=&#8221;vc_col-md-4&#8243;][\/vc_column][vc_column offset=&#8221;vc_col-md-8&#8243;][\/vc_column][\/vc_row]<\/p>\n","protected":false},"author":1,"featured_media":0,"parent":0,"menu_order":0,"comment_status":"closed","ping_status":"closed","template":"page-templates\/template-fullwidth.php","meta":{"footnotes":""},"yoast_head":"<!-- This site is optimized with the Yoast SEO plugin v21.9.1 - https:\/\/yoast.com\/wordpress\/plugins\/seo\/ -->\n<title>\u041a\u043e\u043d\u0442\u0430\u043a\u0442\u0438 - TGL Polska<\/title>\n<meta name=\"description\" content=\"\u0422\u0440\u0430\u043d\u0441\u043f\u043e\u0440\u0442\u043d\u0456 \u0442\u0430 \u0431\u0440\u043e\u043a\u0435\u0440\u0441\u044c\u043a\u0456 \u043f\u043e\u0441\u043b\u0443\u0433\u0438. \u0412\u043d\u0443\u0442\u0440\u0456\u0448\u043d\u0456 \u0456 \u043c\u0456\u0436\u043d\u0430\u0440\u043e\u0434\u043d\u0456 \u043c\u043e\u0440\u0441\u044c\u043a\u0456, \u043c\u0443\u043b\u044c\u0442\u0438\u043c\u043e\u0434\u0430\u043b\u044c\u043d\u0456, \u0437\u0430\u043b\u0456\u0437\u043d\u0438\u0447\u043d\u0456, \u0430\u0432\u0442\u043e\u043c\u043e\u0431\u0456\u043b\u044c\u043d\u0456 \u0456 \u043f\u043e\u0432\u0456\u0442\u0440\u044f\u043d\u0456 \u043f\u0435\u0440\u0435\u0432\u0435\u0437\u0435\u043d\u043d\u044f \u043f\u043e \u0431\u0443\u0434\u044c-\u044f\u043a\u0438\u0445 \u043d\u0430\u043f\u0440\u044f\u043c\u0430\u0445\" \/>\n<meta name=\"robots\" content=\"index, follow, max-snippet:-1, max-image-preview:large, max-video-preview:-1\" \/>\n<link rel=\"canonical\" href=\"https:\/\/tglworld.com\/pl\/contact\/\" \/>\n<meta property=\"og:locale\" content=\"pl_PL\" \/>\n<meta property=\"og:type\" content=\"article\" \/>\n<meta property=\"og:title\" content=\"\u041a\u043e\u043d\u0442\u0430\u043a\u0442\u0438 - TGL Polska\" \/>\n<meta property=\"og:description\" content=\"\u0422\u0440\u0430\u043d\u0441\u043f\u043e\u0440\u0442\u043d\u0456 \u0442\u0430 \u0431\u0440\u043e\u043a\u0435\u0440\u0441\u044c\u043a\u0456 \u043f\u043e\u0441\u043b\u0443\u0433\u0438. \u0412\u043d\u0443\u0442\u0440\u0456\u0448\u043d\u0456 \u0456 \u043c\u0456\u0436\u043d\u0430\u0440\u043e\u0434\u043d\u0456 \u043c\u043e\u0440\u0441\u044c\u043a\u0456, \u043c\u0443\u043b\u044c\u0442\u0438\u043c\u043e\u0434\u0430\u043b\u044c\u043d\u0456, \u0437\u0430\u043b\u0456\u0437\u043d\u0438\u0447\u043d\u0456, \u0430\u0432\u0442\u043e\u043c\u043e\u0431\u0456\u043b\u044c\u043d\u0456 \u0456 \u043f\u043e\u0432\u0456\u0442\u0440\u044f\u043d\u0456 \u043f\u0435\u0440\u0435\u0432\u0435\u0437\u0435\u043d\u043d\u044f \u043f\u043e \u0431\u0443\u0434\u044c-\u044f\u043a\u0438\u0445 \u043d\u0430\u043f\u0440\u044f\u043c\u0430\u0445\" \/>\n<meta property=\"og:url\" content=\"https:\/\/tglworld.com\/pl\/contact\/\" \/>\n<meta property=\"og:site_name\" content=\"TGL Polska\" \/>\n<meta property=\"article:modified_time\" content=\"2023-09-20T14:48:00+00:00\" \/>\n<meta name=\"twitter:card\" content=\"summary_large_image\" \/>\n<meta name=\"twitter:label1\" content=\"Est. reading time\" \/>\n\t<meta name=\"twitter:data1\" content=\"1 minuta\" \/>\n<script type=\"application\/ld+json\" class=\"yoast-schema-graph\">{\"@context\":\"https:\/\/schema.org\",\"@graph\":[{\"@type\":\"WebPage\",\"@id\":\"https:\/\/tglworld.com\/pl\/contact\/\",\"url\":\"https:\/\/tglworld.com\/pl\/contact\/\",\"name\":\"\u041a\u043e\u043d\u0442\u0430\u043a\u0442\u0438 - TGL Polska\",\"isPartOf\":{\"@id\":\"https:\/\/tglworld.com\/pl\/#website\"},\"datePublished\":\"2020-04-10T07:05:38+00:00\",\"dateModified\":\"2023-09-20T14:48:00+00:00\",\"description\":\"\u0422\u0440\u0430\u043d\u0441\u043f\u043e\u0440\u0442\u043d\u0456 \u0442\u0430 \u0431\u0440\u043e\u043a\u0435\u0440\u0441\u044c\u043a\u0456 \u043f\u043e\u0441\u043b\u0443\u0433\u0438. \u0412\u043d\u0443\u0442\u0440\u0456\u0448\u043d\u0456 \u0456 \u043c\u0456\u0436\u043d\u0430\u0440\u043e\u0434\u043d\u0456 \u043c\u043e\u0440\u0441\u044c\u043a\u0456, \u043c\u0443\u043b\u044c\u0442\u0438\u043c\u043e\u0434\u0430\u043b\u044c\u043d\u0456, \u0437\u0430\u043b\u0456\u0437\u043d\u0438\u0447\u043d\u0456, \u0430\u0432\u0442\u043e\u043c\u043e\u0431\u0456\u043b\u044c\u043d\u0456 \u0456 \u043f\u043e\u0432\u0456\u0442\u0440\u044f\u043d\u0456 \u043f\u0435\u0440\u0435\u0432\u0435\u0437\u0435\u043d\u043d\u044f \u043f\u043e \u0431\u0443\u0434\u044c-\u044f\u043a\u0438\u0445 \u043d\u0430\u043f\u0440\u044f\u043c\u0430\u0445\",\"breadcrumb\":{\"@id\":\"https:\/\/tglworld.com\/pl\/contact\/#breadcrumb\"},\"inLanguage\":\"pl-PL\",\"potentialAction\":[{\"@type\":\"ReadAction\",\"target\":[\"https:\/\/tglworld.com\/pl\/contact\/\"]}]},{\"@type\":\"BreadcrumbList\",\"@id\":\"https:\/\/tglworld.com\/pl\/contact\/#breadcrumb\",\"itemListElement\":[{\"@type\":\"ListItem\",\"position\":1,\"name\":\"Home\",\"item\":\"https:\/\/tglworld.com\/pl\/\"},{\"@type\":\"ListItem\",\"position\":2,\"name\":\"Kontakty\"}]},{\"@type\":\"WebSite\",\"@id\":\"https:\/\/tglworld.com\/pl\/#website\",\"url\":\"https:\/\/tglworld.com\/pl\/\",\"name\":\"TGL Polska\",\"description\":\"\",\"publisher\":{\"@id\":\"https:\/\/tglworld.com\/pl\/#organization\"},\"potentialAction\":[{\"@type\":\"SearchAction\",\"target\":{\"@type\":\"EntryPoint\",\"urlTemplate\":\"https:\/\/tglworld.com\/pl\/?s={search_term_string}\"},\"query-input\":\"required name=search_term_string\"}],\"inLanguage\":\"pl-PL\"},{\"@type\":\"Organization\",\"@id\":\"https:\/\/tglworld.com\/pl\/#organization\",\"name\":\"TGL \u0423\u043a\u0440\u0430\u0457\u043d\u0430\",\"url\":\"https:\/\/tglworld.com\/pl\/\",\"logo\":{\"@type\":\"ImageObject\",\"inLanguage\":\"pl-PL\",\"@id\":\"https:\/\/tglworld.com\/pl\/#\/schema\/logo\/image\/\",\"url\":\"https:\/\/tglworld.com\/pl\/wp-content\/uploads\/sites\/4\/2020\/05\/TGL-logo.png\",\"contentUrl\":\"https:\/\/tglworld.com\/pl\/wp-content\/uploads\/sites\/4\/2020\/05\/TGL-logo.png\",\"width\":959,\"height\":217,\"caption\":\"TGL \u0423\u043a\u0440\u0430\u0457\u043d\u0430\"},\"image\":{\"@id\":\"https:\/\/tglworld.com\/pl\/#\/schema\/logo\/image\/\"}}]}<\/script>\n<!-- \/ Yoast SEO plugin. -->","yoast_head_json":{"title":"\u041a\u043e\u043d\u0442\u0430\u043a\u0442\u0438 - TGL Polska","description":"\u0422\u0440\u0430\u043d\u0441\u043f\u043e\u0440\u0442\u043d\u0456 \u0442\u0430 \u0431\u0440\u043e\u043a\u0435\u0440\u0441\u044c\u043a\u0456 \u043f\u043e\u0441\u043b\u0443\u0433\u0438. \u0412\u043d\u0443\u0442\u0440\u0456\u0448\u043d\u0456 \u0456 \u043c\u0456\u0436\u043d\u0430\u0440\u043e\u0434\u043d\u0456 \u043c\u043e\u0440\u0441\u044c\u043a\u0456, \u043c\u0443\u043b\u044c\u0442\u0438\u043c\u043e\u0434\u0430\u043b\u044c\u043d\u0456, \u0437\u0430\u043b\u0456\u0437\u043d\u0438\u0447\u043d\u0456, \u0430\u0432\u0442\u043e\u043c\u043e\u0431\u0456\u043b\u044c\u043d\u0456 \u0456 \u043f\u043e\u0432\u0456\u0442\u0440\u044f\u043d\u0456 \u043f\u0435\u0440\u0435\u0432\u0435\u0437\u0435\u043d\u043d\u044f \u043f\u043e \u0431\u0443\u0434\u044c-\u044f\u043a\u0438\u0445 \u043d\u0430\u043f\u0440\u044f\u043c\u0430\u0445","robots":{"index":"index","follow":"follow","max-snippet":"max-snippet:-1","max-image-preview":"max-image-preview:large","max-video-preview":"max-video-preview:-1"},"canonical":"https:\/\/tglworld.com\/pl\/contact\/","og_locale":"pl_PL","og_type":"article","og_title":"\u041a\u043e\u043d\u0442\u0430\u043a\u0442\u0438 - TGL Polska","og_description":"\u0422\u0440\u0430\u043d\u0441\u043f\u043e\u0440\u0442\u043d\u0456 \u0442\u0430 \u0431\u0440\u043e\u043a\u0435\u0440\u0441\u044c\u043a\u0456 \u043f\u043e\u0441\u043b\u0443\u0433\u0438. \u0412\u043d\u0443\u0442\u0440\u0456\u0448\u043d\u0456 \u0456 \u043c\u0456\u0436\u043d\u0430\u0440\u043e\u0434\u043d\u0456 \u043c\u043e\u0440\u0441\u044c\u043a\u0456, \u043c\u0443\u043b\u044c\u0442\u0438\u043c\u043e\u0434\u0430\u043b\u044c\u043d\u0456, \u0437\u0430\u043b\u0456\u0437\u043d\u0438\u0447\u043d\u0456, \u0430\u0432\u0442\u043e\u043c\u043e\u0431\u0456\u043b\u044c\u043d\u0456 \u0456 \u043f\u043e\u0432\u0456\u0442\u0440\u044f\u043d\u0456 \u043f\u0435\u0440\u0435\u0432\u0435\u0437\u0435\u043d\u043d\u044f \u043f\u043e \u0431\u0443\u0434\u044c-\u044f\u043a\u0438\u0445 \u043d\u0430\u043f\u0440\u044f\u043c\u0430\u0445","og_url":"https:\/\/tglworld.com\/pl\/contact\/","og_site_name":"TGL Polska","article_modified_time":"2023-09-20T14:48:00+00:00","twitter_card":"summary_large_image","twitter_misc":{"Est. reading time":"1 minuta"},"schema":{"@context":"https:\/\/schema.org","@graph":[{"@type":"WebPage","@id":"https:\/\/tglworld.com\/pl\/contact\/","url":"https:\/\/tglworld.com\/pl\/contact\/","name":"\u041a\u043e\u043d\u0442\u0430\u043a\u0442\u0438 - TGL Polska","isPartOf":{"@id":"https:\/\/tglworld.com\/pl\/#website"},"datePublished":"2020-04-10T07:05:38+00:00","dateModified":"2023-09-20T14:48:00+00:00","description":"\u0422\u0440\u0430\u043d\u0441\u043f\u043e\u0440\u0442\u043d\u0456 \u0442\u0430 \u0431\u0440\u043e\u043a\u0435\u0440\u0441\u044c\u043a\u0456 \u043f\u043e\u0441\u043b\u0443\u0433\u0438. \u0412\u043d\u0443\u0442\u0440\u0456\u0448\u043d\u0456 \u0456 \u043c\u0456\u0436\u043d\u0430\u0440\u043e\u0434\u043d\u0456 \u043c\u043e\u0440\u0441\u044c\u043a\u0456, \u043c\u0443\u043b\u044c\u0442\u0438\u043c\u043e\u0434\u0430\u043b\u044c\u043d\u0456, \u0437\u0430\u043b\u0456\u0437\u043d\u0438\u0447\u043d\u0456, \u0430\u0432\u0442\u043e\u043c\u043e\u0431\u0456\u043b\u044c\u043d\u0456 \u0456 \u043f\u043e\u0432\u0456\u0442\u0440\u044f\u043d\u0456 \u043f\u0435\u0440\u0435\u0432\u0435\u0437\u0435\u043d\u043d\u044f \u043f\u043e \u0431\u0443\u0434\u044c-\u044f\u043a\u0438\u0445 \u043d\u0430\u043f\u0440\u044f\u043c\u0430\u0445","breadcrumb":{"@id":"https:\/\/tglworld.com\/pl\/contact\/#breadcrumb"},"inLanguage":"pl-PL","potentialAction":[{"@type":"ReadAction","target":["https:\/\/tglworld.com\/pl\/contact\/"]}]},{"@type":"BreadcrumbList","@id":"https:\/\/tglworld.com\/pl\/contact\/#breadcrumb","itemListElement":[{"@type":"ListItem","position":1,"name":"Home","item":"https:\/\/tglworld.com\/pl\/"},{"@type":"ListItem","position":2,"name":"Kontakty"}]},{"@type":"WebSite","@id":"https:\/\/tglworld.com\/pl\/#website","url":"https:\/\/tglworld.com\/pl\/","name":"TGL Polska","description":"","publisher":{"@id":"https:\/\/tglworld.com\/pl\/#organization"},"potentialAction":[{"@type":"SearchAction","target":{"@type":"EntryPoint","urlTemplate":"https:\/\/tglworld.com\/pl\/?s={search_term_string}"},"query-input":"required name=search_term_string"}],"inLanguage":"pl-PL"},{"@type":"Organization","@id":"https:\/\/tglworld.com\/pl\/#organization","name":"TGL \u0423\u043a\u0440\u0430\u0457\u043d\u0430","url":"https:\/\/tglworld.com\/pl\/","logo":{"@type":"ImageObject","inLanguage":"pl-PL","@id":"https:\/\/tglworld.com\/pl\/#\/schema\/logo\/image\/","url":"https:\/\/tglworld.com\/pl\/wp-content\/uploads\/sites\/4\/2020\/05\/TGL-logo.png","contentUrl":"https:\/\/tglworld.com\/pl\/wp-content\/uploads\/sites\/4\/2020\/05\/TGL-logo.png","width":959,"height":217,"caption":"TGL \u0423\u043a\u0440\u0430\u0457\u043d\u0430"},"image":{"@id":"https:\/\/tglworld.com\/pl\/#\/schema\/logo\/image\/"}}]}},"_links":{"self":[{"href":"https:\/\/tglworld.com\/pl\/wp-json\/wp\/v2\/pages\/471"}],"collection":[{"href":"https:\/\/tglworld.com\/pl\/wp-json\/wp\/v2\/pages"}],"about":[{"href":"https:\/\/tglworld.com\/pl\/wp-json\/wp\/v2\/types\/page"}],"author":[{"embeddable":true,"href":"https:\/\/tglworld.com\/pl\/wp-json\/wp\/v2\/users\/1"}],"replies":[{"embeddable":true,"href":"https:\/\/tglworld.com\/pl\/wp-json\/wp\/v2\/comments?post=471"}],"version-history":[{"count":25,"href":"https:\/\/tglworld.com\/pl\/wp-json\/wp\/v2\/pages\/471\/revisions"}],"predecessor-version":[{"id":1508,"href":"https:\/\/tglworld.com\/pl\/wp-json\/wp\/v2\/pages\/471\/revisions\/1508"}],"wp:attachment":[{"href":"https:\/\/tglworld.com\/pl\/wp-json\/wp\/v2\/media?parent=471"}],"curies":[{"name":"wp","href":"https:\/\/api.w.org\/{rel}","templated":true}]}}