{"id":451,"date":"2020-04-10T09:57:48","date_gmt":"2020-04-10T06:57:48","guid":{"rendered":"http:\/\/demo.vegatheme.com\/gocargo\/demo3\/?page_id=451"},"modified":"2023-09-19T17:46:10","modified_gmt":"2023-09-19T14:46:10","slug":"careers","status":"publish","type":"page","link":"https:\/\/tglworld.com\/pl\/careers\/","title":{"rendered":"Oferty pracy"},"content":{"rendered":"<p>[vc_row][vc_column]\n\t<div class=\"text-left \">\n\t\t\t\t\t <h2>Otwarte stanowiska pracy<\/h2>\t        \t\t\t<div class=\"divider-deco\"><span><\/span><\/div>\n\t\t    <\/div>\n\n\t<div class=\"list-careers\">\n\t\t\t\t<div class=\"expand-box\">\n            <div class=\"inner\">\n                <span class=\"btn-expand\"><\/span>\n                <div class=\"row\">\n                    <div class=\"col-md-6\">\n                        <img loading=\"lazy\" decoding=\"async\" width=\"70\" height=\"82\" src=\"https:\/\/tglworld.com\/pl\/wp-content\/uploads\/sites\/4\/2016\/03\/pic-small-c3-70x82.jpg\" class=\"pull-left wp-post-image\" alt=\"\" srcset=\"https:\/\/tglworld.com\/pl\/wp-content\/uploads\/sites\/4\/2016\/03\/pic-small-c3-70x82.jpg 70w, https:\/\/tglworld.com\/pl\/wp-content\/uploads\/sites\/4\/2016\/03\/pic-small-c3.jpg 140w\" sizes=\"(max-width: 70px) 100vw, 70px\" \/>                        <h4>Sales<\/h4>\n                                            <\/div>\n                    <div class=\"col-md-3\">\n                        <div class=\"divider\"><\/div>\n                        <strong>Business Sector:<\/strong><br>\n                        Sprzeda\u017c i marketing                    <\/div>\n                    <div class=\"col-md-3\">\n                        <div class=\"divider\"><\/div>\n                        <strong>End Date:<\/strong><br>\n                        <span class=\"id-color\"><\/span>\n                    <\/div>\n\n\n                    <div class=\"hide-content\">\n                        <div class=\"divider-single\"><\/div>\n                        <p>[vc_row fullwidth=&#8221;yes&#8221; css=&#8221;.vc_custom_1456988321920{padding-top: 0px !important;padding-bottom: 0px !important;}&#8221;][vc_column width=&#8221;1\/2&#8243;][vc_column_text]<span style=\"color: #333333;\"><strong>Wymagania:<\/strong><\/span><\/p>\n<ul>\n<li><span style=\"color: #333333;\">Doskona\u0142e umiej\u0119tno\u015bci interpersonalne i komunikacyjne<\/span><\/li>\n<li><span style=\"color: #333333;\">Bieg\u0142a znajomo\u015b\u0107 j\u0119zyka angielskiego w mowie i pi\u015bmie<\/span><\/li>\n<li><span style=\"color: #333333;\">Zrozumienie finansowe i operacyjne mi\u0119dzynarodowych przewoz\u00f3w<\/span><\/li>\n<li><span style=\"color: #333333;\">Dobre umiej\u0119tno\u015bci analityczne<\/span><\/li>\n<li><span style=\"color: #333333;\">Umiej\u0119tno\u015bci prezentacji i negocjacji<\/span><\/li>\n<li><span style=\"color: #333333;\">Pasja, inicjatywa i d\u0105\u017cenie do ci\u0105g\u0142ego rozwoju oraz obs\u0142ugi klient\u00f3w z kreatywno\u015bci\u0105 i innowacyjno\u015bci\u0105<\/span><\/li>\n<li><span style=\"color: #333333;\">Znajomo\u015b\u0107 lokalnego rynku biznesu i logistyki<\/span><\/li>\n<li><span style=\"color: #333333;\">Znajomo\u015b\u0107 importu i eksportu towar\u00f3w przez OMTP \/ IMTP<\/span><\/li>\n<\/ul>\n<p>[\/vc_column_text][\/vc_column][vc_column width=&#8221;1\/2&#8243;][vc_column_text]<span style=\"color: #333333;\"><strong>Obowi\u0105zki:<\/strong><\/span><\/p>\n<ul>\n<li><span style=\"color: #333333;\">Dostawa krajowa importowanych towar\u00f3w oraz obs\u0142uga posprzeda\u017cna<\/span><\/li>\n<li><span style=\"color: #333333;\">Promowanie us\u0142ug transportowych\/logistycznych w\u015br\u00f3d potencjalnych klient\u00f3w<\/span><\/li>\n<li><span style=\"color: #333333;\">Codzienne monitorowanie przewoz\u00f3w i dokumentacji, zarz\u0105dzanie prac\u0105 indywidualn\u0105 lub zespo\u0142ow\u0105<\/span><\/li>\n<li><span style=\"color: #333333;\">Komunikacja z biurami i agentami zagranicznych firm<\/span><\/li>\n<li><span style=\"color: #333333;\">Rozwijanie i utrzymywanie d\u0142ugoterminowych relacji biznesowych z klientami<\/span><\/li>\n<\/ul>\n<p>[\/vc_column_text][\/vc_column][\/vc_row][vc_row][vc_column][vc_column_text]<span style=\"color: #333333;\">Pomy\u015blni kandydaci zostan\u0105 wynagrodzeni atrakcyjnym pakietem wynagrodzenia i premii odpowiadaj\u0105cymi do\u015bwiadczeniem i kwalifikacjami.<\/span><\/p>\n<p><span style=\"color: #333333;\">Prosimy o przes\u0142anie swojego zg\u0142oszenia wraz z pe\u0142nym \u017cyciorysem, podaj\u0105c aktualn\u0105 i oczekiwan\u0105 pensj\u0119 oraz dost\u0119pno\u015b\u0107 na adres e-mail vteravsky@tglworld.com\/pl<\/span><\/p>\n<p><span style=\"color: #333333;\">(Wszystkie zebrane dane osobowe b\u0119d\u0105 u\u017cywane wy\u0142\u0105cznie w celach rekrutacyjnych)<\/span>[\/vc_column_text][\/vc_column][\/vc_row]<\/p>\n                    <\/div>\n                <\/div>\n            <\/div>\n                    <\/div>\n            <\/div>\n\n[\/vc_column][\/vc_row]<\/p>\n","protected":false},"excerpt":{"rendered":"<p>[vc_row][vc_column][\/vc_column][\/vc_row]<\/p>\n","protected":false},"author":1,"featured_media":0,"parent":0,"menu_order":0,"comment_status":"closed","ping_status":"closed","template":"page-templates\/template-fullwidth.php","meta":{"footnotes":""},"yoast_head":"<!-- This site is optimized with the Yoast SEO plugin v21.9.1 - https:\/\/yoast.com\/wordpress\/plugins\/seo\/ -->\n<title>\u0412\u0456\u0434\u043a\u0440\u0438\u0442\u0456 \u0432\u0430\u043a\u0430\u043d\u0441\u0456\u0457 - TGL Polska<\/title>\n<meta name=\"description\" content=\"\u0412\u0456\u0434\u043a\u0440\u0438\u0442\u0456 \u0432\u0430\u043a\u0430\u043d\u0441\u0456\u0457. \u0422\u0440\u0430\u043d\u0441\u043f\u043e\u0440\u0442\u043d\u0456, \u043b\u043e\u0433\u0456\u0441\u0442\u0438\u0447\u043d\u0456 \u0442\u0430 \u0431\u0440\u043e\u043a\u0435\u0440\u0441\u044c\u043a\u0456 \u043f\u043e\u0441\u043b\u0443\u0433\u0438. \u041c\u043e\u0440\u0441\u044c\u043a\u0456, \u043c\u0443\u043b\u044c\u0442\u0438\u043c\u043e\u0434\u0430\u043b\u044c\u043d\u0456, \u0430\u0432\u0442\u043e\u043c\u043e\u0431\u0456\u043b\u044c\u043d\u0456 \u0456 \u043f\u043e\u0432\u0456\u0442\u0440\u044f\u043d\u0456 \u0432\u0430\u043d\u0442\u0430\u0436\u043e\u043f\u0435\u0440\u0435\u0432\u0435\u0437\u0435\u043d\u043d\u044f \u043f\u043e \u0432\u0441\u044c\u043e\u043c\u0443 \u0441\u0432\u0456\u0442\u0443.\" \/>\n<meta name=\"robots\" content=\"index, follow, max-snippet:-1, max-image-preview:large, max-video-preview:-1\" \/>\n<link rel=\"canonical\" href=\"https:\/\/tglworld.com\/pl\/careers\/\" \/>\n<meta property=\"og:locale\" content=\"pl_PL\" \/>\n<meta property=\"og:type\" content=\"article\" \/>\n<meta property=\"og:title\" content=\"\u0412\u0456\u0434\u043a\u0440\u0438\u0442\u0456 \u0432\u0430\u043a\u0430\u043d\u0441\u0456\u0457 - TGL Polska\" \/>\n<meta property=\"og:description\" content=\"\u0412\u0456\u0434\u043a\u0440\u0438\u0442\u0456 \u0432\u0430\u043a\u0430\u043d\u0441\u0456\u0457. \u0422\u0440\u0430\u043d\u0441\u043f\u043e\u0440\u0442\u043d\u0456, \u043b\u043e\u0433\u0456\u0441\u0442\u0438\u0447\u043d\u0456 \u0442\u0430 \u0431\u0440\u043e\u043a\u0435\u0440\u0441\u044c\u043a\u0456 \u043f\u043e\u0441\u043b\u0443\u0433\u0438. \u041c\u043e\u0440\u0441\u044c\u043a\u0456, \u043c\u0443\u043b\u044c\u0442\u0438\u043c\u043e\u0434\u0430\u043b\u044c\u043d\u0456, \u0430\u0432\u0442\u043e\u043c\u043e\u0431\u0456\u043b\u044c\u043d\u0456 \u0456 \u043f\u043e\u0432\u0456\u0442\u0440\u044f\u043d\u0456 \u0432\u0430\u043d\u0442\u0430\u0436\u043e\u043f\u0435\u0440\u0435\u0432\u0435\u0437\u0435\u043d\u043d\u044f \u043f\u043e \u0432\u0441\u044c\u043e\u043c\u0443 \u0441\u0432\u0456\u0442\u0443.\" \/>\n<meta property=\"og:url\" content=\"https:\/\/tglworld.com\/pl\/careers\/\" \/>\n<meta property=\"og:site_name\" content=\"TGL Polska\" \/>\n<meta property=\"article:modified_time\" content=\"2023-09-19T14:46:10+00:00\" \/>\n<meta name=\"twitter:card\" content=\"summary_large_image\" \/>\n<script type=\"application\/ld+json\" class=\"yoast-schema-graph\">{\"@context\":\"https:\/\/schema.org\",\"@graph\":[{\"@type\":\"WebPage\",\"@id\":\"https:\/\/tglworld.com\/pl\/careers\/\",\"url\":\"https:\/\/tglworld.com\/pl\/careers\/\",\"name\":\"\u0412\u0456\u0434\u043a\u0440\u0438\u0442\u0456 \u0432\u0430\u043a\u0430\u043d\u0441\u0456\u0457 - TGL Polska\",\"isPartOf\":{\"@id\":\"https:\/\/tglworld.com\/pl\/#website\"},\"datePublished\":\"2020-04-10T06:57:48+00:00\",\"dateModified\":\"2023-09-19T14:46:10+00:00\",\"description\":\"\u0412\u0456\u0434\u043a\u0440\u0438\u0442\u0456 \u0432\u0430\u043a\u0430\u043d\u0441\u0456\u0457. \u0422\u0440\u0430\u043d\u0441\u043f\u043e\u0440\u0442\u043d\u0456, \u043b\u043e\u0433\u0456\u0441\u0442\u0438\u0447\u043d\u0456 \u0442\u0430 \u0431\u0440\u043e\u043a\u0435\u0440\u0441\u044c\u043a\u0456 \u043f\u043e\u0441\u043b\u0443\u0433\u0438. \u041c\u043e\u0440\u0441\u044c\u043a\u0456, \u043c\u0443\u043b\u044c\u0442\u0438\u043c\u043e\u0434\u0430\u043b\u044c\u043d\u0456, \u0430\u0432\u0442\u043e\u043c\u043e\u0431\u0456\u043b\u044c\u043d\u0456 \u0456 \u043f\u043e\u0432\u0456\u0442\u0440\u044f\u043d\u0456 \u0432\u0430\u043d\u0442\u0430\u0436\u043e\u043f\u0435\u0440\u0435\u0432\u0435\u0437\u0435\u043d\u043d\u044f \u043f\u043e \u0432\u0441\u044c\u043e\u043c\u0443 \u0441\u0432\u0456\u0442\u0443.\",\"breadcrumb\":{\"@id\":\"https:\/\/tglworld.com\/pl\/careers\/#breadcrumb\"},\"inLanguage\":\"pl-PL\",\"potentialAction\":[{\"@type\":\"ReadAction\",\"target\":[\"https:\/\/tglworld.com\/pl\/careers\/\"]}]},{\"@type\":\"BreadcrumbList\",\"@id\":\"https:\/\/tglworld.com\/pl\/careers\/#breadcrumb\",\"itemListElement\":[{\"@type\":\"ListItem\",\"position\":1,\"name\":\"Home\",\"item\":\"https:\/\/tglworld.com\/pl\/\"},{\"@type\":\"ListItem\",\"position\":2,\"name\":\"Oferty pracy\"}]},{\"@type\":\"WebSite\",\"@id\":\"https:\/\/tglworld.com\/pl\/#website\",\"url\":\"https:\/\/tglworld.com\/pl\/\",\"name\":\"TGL Polska\",\"description\":\"\",\"publisher\":{\"@id\":\"https:\/\/tglworld.com\/pl\/#organization\"},\"potentialAction\":[{\"@type\":\"SearchAction\",\"target\":{\"@type\":\"EntryPoint\",\"urlTemplate\":\"https:\/\/tglworld.com\/pl\/?s={search_term_string}\"},\"query-input\":\"required name=search_term_string\"}],\"inLanguage\":\"pl-PL\"},{\"@type\":\"Organization\",\"@id\":\"https:\/\/tglworld.com\/pl\/#organization\",\"name\":\"TGL \u0423\u043a\u0440\u0430\u0457\u043d\u0430\",\"url\":\"https:\/\/tglworld.com\/pl\/\",\"logo\":{\"@type\":\"ImageObject\",\"inLanguage\":\"pl-PL\",\"@id\":\"https:\/\/tglworld.com\/pl\/#\/schema\/logo\/image\/\",\"url\":\"https:\/\/tglworld.com\/pl\/wp-content\/uploads\/sites\/4\/2020\/05\/TGL-logo.png\",\"contentUrl\":\"https:\/\/tglworld.com\/pl\/wp-content\/uploads\/sites\/4\/2020\/05\/TGL-logo.png\",\"width\":959,\"height\":217,\"caption\":\"TGL \u0423\u043a\u0440\u0430\u0457\u043d\u0430\"},\"image\":{\"@id\":\"https:\/\/tglworld.com\/pl\/#\/schema\/logo\/image\/\"}}]}<\/script>\n<!-- \/ Yoast SEO plugin. -->","yoast_head_json":{"title":"\u0412\u0456\u0434\u043a\u0440\u0438\u0442\u0456 \u0432\u0430\u043a\u0430\u043d\u0441\u0456\u0457 - TGL Polska","description":"\u0412\u0456\u0434\u043a\u0440\u0438\u0442\u0456 \u0432\u0430\u043a\u0430\u043d\u0441\u0456\u0457. \u0422\u0440\u0430\u043d\u0441\u043f\u043e\u0440\u0442\u043d\u0456, \u043b\u043e\u0433\u0456\u0441\u0442\u0438\u0447\u043d\u0456 \u0442\u0430 \u0431\u0440\u043e\u043a\u0435\u0440\u0441\u044c\u043a\u0456 \u043f\u043e\u0441\u043b\u0443\u0433\u0438. \u041c\u043e\u0440\u0441\u044c\u043a\u0456, \u043c\u0443\u043b\u044c\u0442\u0438\u043c\u043e\u0434\u0430\u043b\u044c\u043d\u0456, \u0430\u0432\u0442\u043e\u043c\u043e\u0431\u0456\u043b\u044c\u043d\u0456 \u0456 \u043f\u043e\u0432\u0456\u0442\u0440\u044f\u043d\u0456 \u0432\u0430\u043d\u0442\u0430\u0436\u043e\u043f\u0435\u0440\u0435\u0432\u0435\u0437\u0435\u043d\u043d\u044f \u043f\u043e \u0432\u0441\u044c\u043e\u043c\u0443 \u0441\u0432\u0456\u0442\u0443.","robots":{"index":"index","follow":"follow","max-snippet":"max-snippet:-1","max-image-preview":"max-image-preview:large","max-video-preview":"max-video-preview:-1"},"canonical":"https:\/\/tglworld.com\/pl\/careers\/","og_locale":"pl_PL","og_type":"article","og_title":"\u0412\u0456\u0434\u043a\u0440\u0438\u0442\u0456 \u0432\u0430\u043a\u0430\u043d\u0441\u0456\u0457 - TGL Polska","og_description":"\u0412\u0456\u0434\u043a\u0440\u0438\u0442\u0456 \u0432\u0430\u043a\u0430\u043d\u0441\u0456\u0457. \u0422\u0440\u0430\u043d\u0441\u043f\u043e\u0440\u0442\u043d\u0456, \u043b\u043e\u0433\u0456\u0441\u0442\u0438\u0447\u043d\u0456 \u0442\u0430 \u0431\u0440\u043e\u043a\u0435\u0440\u0441\u044c\u043a\u0456 \u043f\u043e\u0441\u043b\u0443\u0433\u0438. \u041c\u043e\u0440\u0441\u044c\u043a\u0456, \u043c\u0443\u043b\u044c\u0442\u0438\u043c\u043e\u0434\u0430\u043b\u044c\u043d\u0456, \u0430\u0432\u0442\u043e\u043c\u043e\u0431\u0456\u043b\u044c\u043d\u0456 \u0456 \u043f\u043e\u0432\u0456\u0442\u0440\u044f\u043d\u0456 \u0432\u0430\u043d\u0442\u0430\u0436\u043e\u043f\u0435\u0440\u0435\u0432\u0435\u0437\u0435\u043d\u043d\u044f \u043f\u043e \u0432\u0441\u044c\u043e\u043c\u0443 \u0441\u0432\u0456\u0442\u0443.","og_url":"https:\/\/tglworld.com\/pl\/careers\/","og_site_name":"TGL Polska","article_modified_time":"2023-09-19T14:46:10+00:00","twitter_card":"summary_large_image","schema":{"@context":"https:\/\/schema.org","@graph":[{"@type":"WebPage","@id":"https:\/\/tglworld.com\/pl\/careers\/","url":"https:\/\/tglworld.com\/pl\/careers\/","name":"\u0412\u0456\u0434\u043a\u0440\u0438\u0442\u0456 \u0432\u0430\u043a\u0430\u043d\u0441\u0456\u0457 - TGL Polska","isPartOf":{"@id":"https:\/\/tglworld.com\/pl\/#website"},"datePublished":"2020-04-10T06:57:48+00:00","dateModified":"2023-09-19T14:46:10+00:00","description":"\u0412\u0456\u0434\u043a\u0440\u0438\u0442\u0456 \u0432\u0430\u043a\u0430\u043d\u0441\u0456\u0457. \u0422\u0440\u0430\u043d\u0441\u043f\u043e\u0440\u0442\u043d\u0456, \u043b\u043e\u0433\u0456\u0441\u0442\u0438\u0447\u043d\u0456 \u0442\u0430 \u0431\u0440\u043e\u043a\u0435\u0440\u0441\u044c\u043a\u0456 \u043f\u043e\u0441\u043b\u0443\u0433\u0438. \u041c\u043e\u0440\u0441\u044c\u043a\u0456, \u043c\u0443\u043b\u044c\u0442\u0438\u043c\u043e\u0434\u0430\u043b\u044c\u043d\u0456, \u0430\u0432\u0442\u043e\u043c\u043e\u0431\u0456\u043b\u044c\u043d\u0456 \u0456 \u043f\u043e\u0432\u0456\u0442\u0440\u044f\u043d\u0456 \u0432\u0430\u043d\u0442\u0430\u0436\u043e\u043f\u0435\u0440\u0435\u0432\u0435\u0437\u0435\u043d\u043d\u044f \u043f\u043e \u0432\u0441\u044c\u043e\u043c\u0443 \u0441\u0432\u0456\u0442\u0443.","breadcrumb":{"@id":"https:\/\/tglworld.com\/pl\/careers\/#breadcrumb"},"inLanguage":"pl-PL","potentialAction":[{"@type":"ReadAction","target":["https:\/\/tglworld.com\/pl\/careers\/"]}]},{"@type":"BreadcrumbList","@id":"https:\/\/tglworld.com\/pl\/careers\/#breadcrumb","itemListElement":[{"@type":"ListItem","position":1,"name":"Home","item":"https:\/\/tglworld.com\/pl\/"},{"@type":"ListItem","position":2,"name":"Oferty pracy"}]},{"@type":"WebSite","@id":"https:\/\/tglworld.com\/pl\/#website","url":"https:\/\/tglworld.com\/pl\/","name":"TGL Polska","description":"","publisher":{"@id":"https:\/\/tglworld.com\/pl\/#organization"},"potentialAction":[{"@type":"SearchAction","target":{"@type":"EntryPoint","urlTemplate":"https:\/\/tglworld.com\/pl\/?s={search_term_string}"},"query-input":"required name=search_term_string"}],"inLanguage":"pl-PL"},{"@type":"Organization","@id":"https:\/\/tglworld.com\/pl\/#organization","name":"TGL \u0423\u043a\u0440\u0430\u0457\u043d\u0430","url":"https:\/\/tglworld.com\/pl\/","logo":{"@type":"ImageObject","inLanguage":"pl-PL","@id":"https:\/\/tglworld.com\/pl\/#\/schema\/logo\/image\/","url":"https:\/\/tglworld.com\/pl\/wp-content\/uploads\/sites\/4\/2020\/05\/TGL-logo.png","contentUrl":"https:\/\/tglworld.com\/pl\/wp-content\/uploads\/sites\/4\/2020\/05\/TGL-logo.png","width":959,"height":217,"caption":"TGL \u0423\u043a\u0440\u0430\u0457\u043d\u0430"},"image":{"@id":"https:\/\/tglworld.com\/pl\/#\/schema\/logo\/image\/"}}]}},"_links":{"self":[{"href":"https:\/\/tglworld.com\/pl\/wp-json\/wp\/v2\/pages\/451"}],"collection":[{"href":"https:\/\/tglworld.com\/pl\/wp-json\/wp\/v2\/pages"}],"about":[{"href":"https:\/\/tglworld.com\/pl\/wp-json\/wp\/v2\/types\/page"}],"author":[{"embeddable":true,"href":"https:\/\/tglworld.com\/pl\/wp-json\/wp\/v2\/users\/1"}],"replies":[{"embeddable":true,"href":"https:\/\/tglworld.com\/pl\/wp-json\/wp\/v2\/comments?post=451"}],"version-history":[{"count":8,"href":"https:\/\/tglworld.com\/pl\/wp-json\/wp\/v2\/pages\/451\/revisions"}],"predecessor-version":[{"id":1489,"href":"https:\/\/tglworld.com\/pl\/wp-json\/wp\/v2\/pages\/451\/revisions\/1489"}],"wp:attachment":[{"href":"https:\/\/tglworld.com\/pl\/wp-json\/wp\/v2\/media?parent=451"}],"curies":[{"name":"wp","href":"https:\/\/api.w.org\/{rel}","templated":true}]}}