{"id":1217,"date":"2020-04-21T16:49:20","date_gmt":"2020-04-21T13:49:20","guid":{"rendered":"https:\/\/tglworld.com\/pl\/?page_id=1217"},"modified":"2023-09-20T17:31:23","modified_gmt":"2023-09-20T14:31:23","slug":"about","status":"publish","type":"page","link":"https:\/\/tglworld.com\/pl\/about\/","title":{"rendered":"O nas"},"content":{"rendered":"<p>[vc_row][vc_column]\n\t<div class=\"text-left \">\n\t\t\t\t\t <h2>O nas<\/h2>\t        \t\t\t<div class=\"divider-deco\"><span><\/span><\/div>\n\t\t    <\/div>\n\n[vc_column_text]<\/p>\n<p lang=\"ru-RU\"><span style=\"color: #333333;\"><strong><span lang=\"uk-UA\">Firma TGL Polska specjalizuje si\u0119 w krajowych i mi\u0119dzynarodowych przewozach samochodowych, morskich kontenerowych, kolejowych, lotniczych oraz multimodalnych we wszystkich kierunkach.<\/span><\/strong><\/span><\/p>\n<p lang=\"ru-RU\"><span lang=\"uk-UA\" style=\"color: #555555;\">Profesjonalny zesp\u00f3\u0142 najlepszych specjalist\u00f3w i niezwyk\u0142a odpowiedzialno\u015b\u0107 za ka\u017cde zam\u00f3wienie pozwalaj\u0105 nam \u015bwiadczy\u0107 us\u0142ugi najwy\u017cszej jako\u015bci od 2019 roku.<\/span><\/p>\n<p lang=\"ru-RU\"><span lang=\"uk-UA\" style=\"color: #555555;\">Dostarczenie towaru z jednego punktu do drugiego jest zadaniem, kt\u00f3re na pierwszy rzut oka wydaje si\u0119 do\u015b\u0107 trywialne. Jednak\u017ce jego realizacja wi\u0105\u017ce si\u0119 z wieloma r\u00f3\u017cnymi detalami i niuansami. Dlatego naszym g\u0142\u00f3wnym celem jest znalezienie optymalnego podej\u015bcia pod wzgl\u0119dem czasu, koszt\u00f3w us\u0142ug i zachowania towaru.<\/span><\/p>\n<p lang=\"ru-RU\"><span lang=\"uk-UA\" style=\"color: #555555;\">W tym celu &#8220;TGL Polska&#8221;:<\/span><\/p>\n<ul>\n<li>\n<p lang=\"ru-RU\"><span style=\"color: #555555;\"><span lang=\"uk-UA\">starannie analizuje potrzeby klient\u00f3w i opracowuje indywidualne rozwi\u0105zania logistyczne dla ka\u017cdej transakcji;<\/span><\/span><\/p>\n<\/li>\n<li>\n<p lang=\"ru-RU\"><span style=\"color: #555555;\"><span lang=\"uk-UA\">buduje uczciwe, przejrzyste i odpowiedzialne relacje ze wszystkimi swoimi partnerami i klientami;<\/span><\/span><\/p>\n<\/li>\n<li>\n<p lang=\"ru-RU\"><span style=\"color: #555555;\"><span lang=\"uk-UA\">zawsze jest gotowa do konstruktywnej rozmowy i skupia si\u0119 na poszukiwaniu wzajemnie korzystnych porozumie\u0144;<\/span><\/span><\/p>\n<\/li>\n<li>\n<p lang=\"ru-RU\"><span style=\"color: #555555;\"><span lang=\"uk-UA\">dbaj\u0105 o fachow\u0105 przygotowanie swoich pracownik\u00f3w do adekwatnej i terminowej odpowiedzi na nowe wyzwania, uwzgl\u0119dniaj\u0105c najnowsze trendy logistyczne;<\/span><\/span><\/p>\n<\/li>\n<li>\n<p lang=\"ru-RU\"><span style=\"color: #555555;\"><span lang=\"uk-UA\">szuka i znajduje mo\u017cliwo\u015bci oszcz\u0119dno\u015bci dla klient\u00f3w &#8211; niezale\u017cnie od rozmiaru i warto\u015bci zam\u00f3wienia<\/span><\/span><\/p>\n<\/li>\n<\/ul>\n<p lang=\"ru-RU\"><span lang=\"uk-UA\" style=\"color: #555555;\">Wsp\u00f3\u0142praca z sprawdzonymi armatorami i liniami lotniczymi oraz nowoczesny i absolutnie niezawodny tabor kontenerowy naszych partner\u00f3w, spe\u0142niaj\u0105cy normy Euro-6, pozwala nam \u0142atwo rozwi\u0105zywa\u0107 zadania o r\u00f3\u017cnym stopniu trudno\u015bci i skutecznie pracowa\u0107 z najbardziej r\u00f3\u017cnorodnymi \u0142adunkami &#8211; kruchymi, delikatnymi, zbiorczymi oraz towarami, kt\u00f3re szybko si\u0119 psuj\u0105 lub s\u0105 niebezpieczne.<\/span><\/p>\n<p lang=\"ru-RU\"><span lang=\"uk-UA\" style=\"color: #555555;\">Szukasz mo\u017cliwo\u015bci uczciwej, przejrzystej i skutecznej wsp\u00f3\u0142pracy w dziedzinie przewoz\u00f3w towar\u00f3w na Ukrainie i na ca\u0142ym \u015bwiecie? Drzwi firmy &#8220;TGL Polska&#8221; zawsze s\u0105 dla Ciebie otwarte!<br \/>\n<\/span><\/p>\n<p>[\/vc_column_text][\/vc_column][\/vc_row]<\/p>\n","protected":false},"excerpt":{"rendered":"<p>[vc_row][vc_column][vc_column_text] Firma TGL Polska specjalizuje si\u0119 w krajowych i mi\u0119dzynarodowych przewozach samochodowych, morskich kontenerowych, kolejowych, lotniczych oraz multimodalnych we wszystkich kierunkach. Profesjonalny zesp\u00f3\u0142 najlepszych specjalist\u00f3w i niezwyk\u0142a odpowiedzialno\u015b\u0107 za ka\u017cde zam\u00f3wienie pozwalaj\u0105 nam \u015bwiadczy\u0107 us\u0142ugi najwy\u017cszej jako\u015bci od 2019 roku. Dostarczenie towaru z jednego punktu do drugiego jest zadaniem, kt\u00f3re na pierwszy rzut oka wydaje [&hellip;]<\/p>\n","protected":false},"author":1,"featured_media":0,"parent":0,"menu_order":0,"comment_status":"closed","ping_status":"closed","template":"page-templates\/template-fullwidth.php","meta":{"footnotes":""},"yoast_head":"<!-- This site is optimized with the Yoast SEO plugin v21.9.1 - https:\/\/yoast.com\/wordpress\/plugins\/seo\/ -->\n<title>O nas - TGL Polska<\/title>\n<meta name=\"description\" content=\"\u0412\u043d\u0443\u0442\u0440\u0456\u0448\u043d\u0456 \u0456 \u043c\u0456\u0436\u043d\u0430\u0440\u043e\u0434\u043d\u0456 \u0430\u0432\u0442\u043e\u043c\u043e\u0431\u0456\u043b\u044c\u043d\u0456, \u043c\u043e\u0440\u0441\u044c\u043a\u0456 \u043a\u043e\u043d\u0442\u0435\u0439\u043d\u0435\u0440\u043d\u0456, \u0437\u0430\u043b\u0456\u0437\u043d\u0438\u0447\u043d\u0456, \u0430\u0432\u0456\u0430 \u0442\u0430 \u043c\u0443\u043b\u044c\u0442\u0438\u043c\u043e\u0434\u0430\u043b\u044c\u043d\u0456 \u043f\u0435\u0440\u0435\u0432\u0435\u0437\u0435\u043d\u043d\u044f \u043f\u043e \u0431\u0443\u0434\u044c-\u044f\u043a\u0438\u0445 \u043d\u0430\u043f\u0440\u044f\u043c\u0430\u0445, \u0431\u0440\u043e\u043a\u0435\u0440\u0441\u044c\u043a\u0456 \u043f\u043e\u0441\u043b\u0443\u0433\u0438\" \/>\n<meta name=\"robots\" content=\"index, follow, max-snippet:-1, max-image-preview:large, max-video-preview:-1\" \/>\n<link rel=\"canonical\" href=\"https:\/\/tglworld.com\/pl\/about\/\" \/>\n<meta property=\"og:locale\" content=\"pl_PL\" \/>\n<meta property=\"og:type\" content=\"article\" \/>\n<meta property=\"og:title\" content=\"O nas - TGL Polska\" \/>\n<meta property=\"og:description\" content=\"\u0412\u043d\u0443\u0442\u0440\u0456\u0448\u043d\u0456 \u0456 \u043c\u0456\u0436\u043d\u0430\u0440\u043e\u0434\u043d\u0456 \u0430\u0432\u0442\u043e\u043c\u043e\u0431\u0456\u043b\u044c\u043d\u0456, \u043c\u043e\u0440\u0441\u044c\u043a\u0456 \u043a\u043e\u043d\u0442\u0435\u0439\u043d\u0435\u0440\u043d\u0456, \u0437\u0430\u043b\u0456\u0437\u043d\u0438\u0447\u043d\u0456, \u0430\u0432\u0456\u0430 \u0442\u0430 \u043c\u0443\u043b\u044c\u0442\u0438\u043c\u043e\u0434\u0430\u043b\u044c\u043d\u0456 \u043f\u0435\u0440\u0435\u0432\u0435\u0437\u0435\u043d\u043d\u044f \u043f\u043e \u0431\u0443\u0434\u044c-\u044f\u043a\u0438\u0445 \u043d\u0430\u043f\u0440\u044f\u043c\u0430\u0445, \u0431\u0440\u043e\u043a\u0435\u0440\u0441\u044c\u043a\u0456 \u043f\u043e\u0441\u043b\u0443\u0433\u0438\" \/>\n<meta property=\"og:url\" content=\"https:\/\/tglworld.com\/pl\/about\/\" \/>\n<meta property=\"og:site_name\" content=\"TGL Polska\" \/>\n<meta property=\"article:modified_time\" content=\"2023-09-20T14:31:23+00:00\" \/>\n<meta name=\"twitter:card\" content=\"summary_large_image\" \/>\n<meta name=\"twitter:label1\" content=\"Est. reading time\" \/>\n\t<meta name=\"twitter:data1\" content=\"1 minuta\" \/>\n<script type=\"application\/ld+json\" class=\"yoast-schema-graph\">{\"@context\":\"https:\/\/schema.org\",\"@graph\":[{\"@type\":\"WebPage\",\"@id\":\"https:\/\/tglworld.com\/pl\/about\/\",\"url\":\"https:\/\/tglworld.com\/pl\/about\/\",\"name\":\"O nas - TGL Polska\",\"isPartOf\":{\"@id\":\"https:\/\/tglworld.com\/pl\/#website\"},\"datePublished\":\"2020-04-21T13:49:20+00:00\",\"dateModified\":\"2023-09-20T14:31:23+00:00\",\"description\":\"\u0412\u043d\u0443\u0442\u0440\u0456\u0448\u043d\u0456 \u0456 \u043c\u0456\u0436\u043d\u0430\u0440\u043e\u0434\u043d\u0456 \u0430\u0432\u0442\u043e\u043c\u043e\u0431\u0456\u043b\u044c\u043d\u0456, \u043c\u043e\u0440\u0441\u044c\u043a\u0456 \u043a\u043e\u043d\u0442\u0435\u0439\u043d\u0435\u0440\u043d\u0456, \u0437\u0430\u043b\u0456\u0437\u043d\u0438\u0447\u043d\u0456, \u0430\u0432\u0456\u0430 \u0442\u0430 \u043c\u0443\u043b\u044c\u0442\u0438\u043c\u043e\u0434\u0430\u043b\u044c\u043d\u0456 \u043f\u0435\u0440\u0435\u0432\u0435\u0437\u0435\u043d\u043d\u044f \u043f\u043e \u0431\u0443\u0434\u044c-\u044f\u043a\u0438\u0445 \u043d\u0430\u043f\u0440\u044f\u043c\u0430\u0445, \u0431\u0440\u043e\u043a\u0435\u0440\u0441\u044c\u043a\u0456 \u043f\u043e\u0441\u043b\u0443\u0433\u0438\",\"breadcrumb\":{\"@id\":\"https:\/\/tglworld.com\/pl\/about\/#breadcrumb\"},\"inLanguage\":\"pl-PL\",\"potentialAction\":[{\"@type\":\"ReadAction\",\"target\":[\"https:\/\/tglworld.com\/pl\/about\/\"]}]},{\"@type\":\"BreadcrumbList\",\"@id\":\"https:\/\/tglworld.com\/pl\/about\/#breadcrumb\",\"itemListElement\":[{\"@type\":\"ListItem\",\"position\":1,\"name\":\"Home\",\"item\":\"https:\/\/tglworld.com\/pl\/\"},{\"@type\":\"ListItem\",\"position\":2,\"name\":\"O nas\"}]},{\"@type\":\"WebSite\",\"@id\":\"https:\/\/tglworld.com\/pl\/#website\",\"url\":\"https:\/\/tglworld.com\/pl\/\",\"name\":\"TGL Polska\",\"description\":\"\",\"publisher\":{\"@id\":\"https:\/\/tglworld.com\/pl\/#organization\"},\"potentialAction\":[{\"@type\":\"SearchAction\",\"target\":{\"@type\":\"EntryPoint\",\"urlTemplate\":\"https:\/\/tglworld.com\/pl\/?s={search_term_string}\"},\"query-input\":\"required name=search_term_string\"}],\"inLanguage\":\"pl-PL\"},{\"@type\":\"Organization\",\"@id\":\"https:\/\/tglworld.com\/pl\/#organization\",\"name\":\"TGL \u0423\u043a\u0440\u0430\u0457\u043d\u0430\",\"url\":\"https:\/\/tglworld.com\/pl\/\",\"logo\":{\"@type\":\"ImageObject\",\"inLanguage\":\"pl-PL\",\"@id\":\"https:\/\/tglworld.com\/pl\/#\/schema\/logo\/image\/\",\"url\":\"https:\/\/tglworld.com\/pl\/wp-content\/uploads\/sites\/4\/2020\/05\/TGL-logo.png\",\"contentUrl\":\"https:\/\/tglworld.com\/pl\/wp-content\/uploads\/sites\/4\/2020\/05\/TGL-logo.png\",\"width\":959,\"height\":217,\"caption\":\"TGL \u0423\u043a\u0440\u0430\u0457\u043d\u0430\"},\"image\":{\"@id\":\"https:\/\/tglworld.com\/pl\/#\/schema\/logo\/image\/\"}}]}<\/script>\n<!-- \/ Yoast SEO plugin. -->","yoast_head_json":{"title":"O nas - TGL Polska","description":"\u0412\u043d\u0443\u0442\u0440\u0456\u0448\u043d\u0456 \u0456 \u043c\u0456\u0436\u043d\u0430\u0440\u043e\u0434\u043d\u0456 \u0430\u0432\u0442\u043e\u043c\u043e\u0431\u0456\u043b\u044c\u043d\u0456, \u043c\u043e\u0440\u0441\u044c\u043a\u0456 \u043a\u043e\u043d\u0442\u0435\u0439\u043d\u0435\u0440\u043d\u0456, \u0437\u0430\u043b\u0456\u0437\u043d\u0438\u0447\u043d\u0456, \u0430\u0432\u0456\u0430 \u0442\u0430 \u043c\u0443\u043b\u044c\u0442\u0438\u043c\u043e\u0434\u0430\u043b\u044c\u043d\u0456 \u043f\u0435\u0440\u0435\u0432\u0435\u0437\u0435\u043d\u043d\u044f \u043f\u043e \u0431\u0443\u0434\u044c-\u044f\u043a\u0438\u0445 \u043d\u0430\u043f\u0440\u044f\u043c\u0430\u0445, \u0431\u0440\u043e\u043a\u0435\u0440\u0441\u044c\u043a\u0456 \u043f\u043e\u0441\u043b\u0443\u0433\u0438","robots":{"index":"index","follow":"follow","max-snippet":"max-snippet:-1","max-image-preview":"max-image-preview:large","max-video-preview":"max-video-preview:-1"},"canonical":"https:\/\/tglworld.com\/pl\/about\/","og_locale":"pl_PL","og_type":"article","og_title":"O nas - TGL Polska","og_description":"\u0412\u043d\u0443\u0442\u0440\u0456\u0448\u043d\u0456 \u0456 \u043c\u0456\u0436\u043d\u0430\u0440\u043e\u0434\u043d\u0456 \u0430\u0432\u0442\u043e\u043c\u043e\u0431\u0456\u043b\u044c\u043d\u0456, \u043c\u043e\u0440\u0441\u044c\u043a\u0456 \u043a\u043e\u043d\u0442\u0435\u0439\u043d\u0435\u0440\u043d\u0456, \u0437\u0430\u043b\u0456\u0437\u043d\u0438\u0447\u043d\u0456, \u0430\u0432\u0456\u0430 \u0442\u0430 \u043c\u0443\u043b\u044c\u0442\u0438\u043c\u043e\u0434\u0430\u043b\u044c\u043d\u0456 \u043f\u0435\u0440\u0435\u0432\u0435\u0437\u0435\u043d\u043d\u044f \u043f\u043e \u0431\u0443\u0434\u044c-\u044f\u043a\u0438\u0445 \u043d\u0430\u043f\u0440\u044f\u043c\u0430\u0445, \u0431\u0440\u043e\u043a\u0435\u0440\u0441\u044c\u043a\u0456 \u043f\u043e\u0441\u043b\u0443\u0433\u0438","og_url":"https:\/\/tglworld.com\/pl\/about\/","og_site_name":"TGL Polska","article_modified_time":"2023-09-20T14:31:23+00:00","twitter_card":"summary_large_image","twitter_misc":{"Est. reading time":"1 minuta"},"schema":{"@context":"https:\/\/schema.org","@graph":[{"@type":"WebPage","@id":"https:\/\/tglworld.com\/pl\/about\/","url":"https:\/\/tglworld.com\/pl\/about\/","name":"O nas - TGL Polska","isPartOf":{"@id":"https:\/\/tglworld.com\/pl\/#website"},"datePublished":"2020-04-21T13:49:20+00:00","dateModified":"2023-09-20T14:31:23+00:00","description":"\u0412\u043d\u0443\u0442\u0440\u0456\u0448\u043d\u0456 \u0456 \u043c\u0456\u0436\u043d\u0430\u0440\u043e\u0434\u043d\u0456 \u0430\u0432\u0442\u043e\u043c\u043e\u0431\u0456\u043b\u044c\u043d\u0456, \u043c\u043e\u0440\u0441\u044c\u043a\u0456 \u043a\u043e\u043d\u0442\u0435\u0439\u043d\u0435\u0440\u043d\u0456, \u0437\u0430\u043b\u0456\u0437\u043d\u0438\u0447\u043d\u0456, \u0430\u0432\u0456\u0430 \u0442\u0430 \u043c\u0443\u043b\u044c\u0442\u0438\u043c\u043e\u0434\u0430\u043b\u044c\u043d\u0456 \u043f\u0435\u0440\u0435\u0432\u0435\u0437\u0435\u043d\u043d\u044f \u043f\u043e \u0431\u0443\u0434\u044c-\u044f\u043a\u0438\u0445 \u043d\u0430\u043f\u0440\u044f\u043c\u0430\u0445, \u0431\u0440\u043e\u043a\u0435\u0440\u0441\u044c\u043a\u0456 \u043f\u043e\u0441\u043b\u0443\u0433\u0438","breadcrumb":{"@id":"https:\/\/tglworld.com\/pl\/about\/#breadcrumb"},"inLanguage":"pl-PL","potentialAction":[{"@type":"ReadAction","target":["https:\/\/tglworld.com\/pl\/about\/"]}]},{"@type":"BreadcrumbList","@id":"https:\/\/tglworld.com\/pl\/about\/#breadcrumb","itemListElement":[{"@type":"ListItem","position":1,"name":"Home","item":"https:\/\/tglworld.com\/pl\/"},{"@type":"ListItem","position":2,"name":"O nas"}]},{"@type":"WebSite","@id":"https:\/\/tglworld.com\/pl\/#website","url":"https:\/\/tglworld.com\/pl\/","name":"TGL Polska","description":"","publisher":{"@id":"https:\/\/tglworld.com\/pl\/#organization"},"potentialAction":[{"@type":"SearchAction","target":{"@type":"EntryPoint","urlTemplate":"https:\/\/tglworld.com\/pl\/?s={search_term_string}"},"query-input":"required name=search_term_string"}],"inLanguage":"pl-PL"},{"@type":"Organization","@id":"https:\/\/tglworld.com\/pl\/#organization","name":"TGL \u0423\u043a\u0440\u0430\u0457\u043d\u0430","url":"https:\/\/tglworld.com\/pl\/","logo":{"@type":"ImageObject","inLanguage":"pl-PL","@id":"https:\/\/tglworld.com\/pl\/#\/schema\/logo\/image\/","url":"https:\/\/tglworld.com\/pl\/wp-content\/uploads\/sites\/4\/2020\/05\/TGL-logo.png","contentUrl":"https:\/\/tglworld.com\/pl\/wp-content\/uploads\/sites\/4\/2020\/05\/TGL-logo.png","width":959,"height":217,"caption":"TGL \u0423\u043a\u0440\u0430\u0457\u043d\u0430"},"image":{"@id":"https:\/\/tglworld.com\/pl\/#\/schema\/logo\/image\/"}}]}},"_links":{"self":[{"href":"https:\/\/tglworld.com\/pl\/wp-json\/wp\/v2\/pages\/1217"}],"collection":[{"href":"https:\/\/tglworld.com\/pl\/wp-json\/wp\/v2\/pages"}],"about":[{"href":"https:\/\/tglworld.com\/pl\/wp-json\/wp\/v2\/types\/page"}],"author":[{"embeddable":true,"href":"https:\/\/tglworld.com\/pl\/wp-json\/wp\/v2\/users\/1"}],"replies":[{"embeddable":true,"href":"https:\/\/tglworld.com\/pl\/wp-json\/wp\/v2\/comments?post=1217"}],"version-history":[{"count":12,"href":"https:\/\/tglworld.com\/pl\/wp-json\/wp\/v2\/pages\/1217\/revisions"}],"predecessor-version":[{"id":1499,"href":"https:\/\/tglworld.com\/pl\/wp-json\/wp\/v2\/pages\/1217\/revisions\/1499"}],"wp:attachment":[{"href":"https:\/\/tglworld.com\/pl\/wp-json\/wp\/v2\/media?parent=1217"}],"curies":[{"name":"wp","href":"https:\/\/api.w.org\/{rel}","templated":true}]}}